{"id":914,"date":"2026-04-14T16:40:04","date_gmt":"2026-04-14T14:40:04","guid":{"rendered":"https:\/\/purpleboost.org\/?page_id=914"},"modified":"2026-04-14T19:48:42","modified_gmt":"2026-04-14T17:48:42","slug":"bases-concurso","status":"publish","type":"page","link":"https:\/\/purpleboost.org\/en\/bases-concurso\/","title":{"rendered":"BASES CONCURSO"},"content":{"rendered":"\t\t<div data-elementor-type=\"wp-page\" data-elementor-id=\"914\" class=\"elementor elementor-914 elementor-913\">\n\t\t\t\t<div class=\"elementor-element elementor-element-b136921 e-flex e-con-boxed e-con e-parent\" data-id=\"b136921\" data-element_type=\"container\" data-e-type=\"container\">\n\t\t\t\t\t<div class=\"e-con-inner\">\n\t\t\t\t<div class=\"elementor-element elementor-element-4f4f57c elementor-widget elementor-widget-text-editor\" data-id=\"4f4f57c\" data-element_type=\"widget\" data-e-type=\"widget\" data-widget_type=\"text-editor.default\">\n\t\t\t\t\t\t\t\t\t<h2 style=\"text-align: left;\">BASES SORTEO<\/h2>\n<h3 style=\"text-align: justify;\">&nbsp;<\/h3>\n<h3 style=\"text-align: left;\">1. \u00c1MBITO<\/h3>\n<p style=\"text-align: justify;\">Purple boost, n\u00famero de CIF&nbsp;G22836480 &nbsp;(en adelante ASOCIACI\u00d3N) promover\u00e1 una acci\u00f3n denominada \u201cSorteo bufandas de Movistar KOI&#8221; (en adelante, el \u201cSorteo\u201d), dirigida \u00fanica y exclusivamente a todas aquellas personas que participen en los t\u00e9rminos y condiciones establecidos en las presentes bases. De entre todos los participantes se realizar\u00e1 un sorteo del que resultar\u00e1n tres (3) ganadores, que obtendr\u00e1n como premio una bufanda de Movistar KOI. <\/p>\n<h3 style=\"text-align: left;\">2. OBJETO DEL SORTEO<\/h3>\n<p style=\"text-align: justify;\">El presente Sorteo tiene por objeto sortear (3) bufandas de Movistar KOI donadas por un Socio an\u00f3nimo entre todos los participantes que cumplan con las condiciones establecidas.<\/p>\n<h3 style=\"text-align: left;\">3. PREMIO<\/h3>\n<p style=\"text-align: justify;\">El resultado del sorteo se anunciar\u00e1 a trav\u00e9s de la cuenta oficial de twitter de nuestra ASOCIACI\u00d3N tras haber contactado con los ganadores. Para ello se elegir\u00e1n a tres (3) ganadores por sorteo el 7 de septiembre de 2025, la ASOCIACI\u00d3N se comunicar\u00e1 por mensaje directo de twitter con los ganadores para confirmar que cumplen con los requisitos para recibir el premio.<br>El premio no puede ser canjeado por importe en met\u00e1lico, ni ser objeto de cambio, alteraci\u00f3n, compensaci\u00f3n o cesi\u00f3n a cargo del ganador. Asimismo, el premio donado por un Socio an\u00f3nimo es personal e intransferible, por lo que \u00fanicamente se entregar\u00e1 a la persona ganadora.  <\/p>\n<h3 style=\"text-align: left;\">4. PLAZO DE PARTICIPACI\u00d3N<\/h3>\n<p style=\"text-align: justify;\">El sorteo comenzar\u00e1 el 28 de agosto y finalizar\u00e1 el 07 de septiembre de 2025.<br>La ASOCIACI\u00d3N se reserva el derecho a modificar la duraci\u00f3n del Sorteo, previa comunicaci\u00f3n p\u00fablica a trav\u00e9s de su cuenta oficial de Twitter y a modificar o cambiar total o parcialmente los presentes t\u00e9rminos y condiciones, as\u00ed como a aplazar, interrumpir o finalizar el Sorteo en cualquier momento.<\/p>\n<h3 style=\"text-align: left;\">5. PARTICIPANTES Y REGLAS DE PARTICIPACI\u00d3N<\/h3>\n<p>El Sorteo est\u00e1 abierto a la participaci\u00f3n de cualquier persona que sea mayor de&nbsp; 14 a\u00f1os y disponga de capacidad legal para obligarse y consentir.<br>Asimismo, para poder participar en el Sorteo, las personas que re\u00fanan los requisitos mencionados (\u201cParticipante\u201d o \u201cParticipantes\u201d) deber\u00e1n cumplir los siguientes requisitos:<\/p>\n<ul>\n<li>Ser seguidor de la cuenta de Twitter de la ASOCIACI\u00d3N<\/li>\n<li>Residir en territorio Espa\u00f1ol<\/li>\n<\/ul>\n<p>Los Participantes contar\u00e1n con una \u00fanica participaci\u00f3n por participante. La ASOCIACI\u00d3N se reserva el derecho de excluir autom\u00e1tica e inmediatamente del presente Sorteo a cualquiera de los Participantes que transgreda las normas de la buena fe, muestre una conducta mendaz o inadecuada, emplee medios fraudulentos o incumpla estas bases en cualquiera de sus extremos.<br>Todos los integrantes de la junta directiva quedan excluidos del sorteo y si salen premiados, se repetir\u00e1 el proceso para designar a otro ganador <\/p>\n<h3 style=\"text-align: left;\">6. MEC\u00c1NICA DEL SORTEO Y ELECCI\u00d3N DE LOS GANADORES<\/h3>\n<p style=\"text-align: justify;\">Para elegir al ganador\/a del sorteo se utilizar\u00e1 la herramienta aleatoria de selecci\u00f3n de ganadores de App-sorteos, Easypromos, Agora Pulse, Sorteados o una herramienta similar.<br>A estos efectos, se incluir\u00e1n todos los participantes que hayan reunido los requisitos mencionados anteriormente y no incurran en ninguna de las causas de descalificaci\u00f3n mencionadas en el apartado anterior.<br>En la realizaci\u00f3n del sorteo se extraer\u00e1n tres (3) ganadores por Sorteo entre todos los participantes.<\/p>\n<h3 style=\"text-align: left;\">7. COMUNICACI\u00d3N DE LOS GANADORES<\/h3>\n<p style=\"text-align: justify;\">La ASOCIACI\u00d3N se pondr\u00e1 en contacto mediante comunicaci\u00f3n individualizada con cada uno de los ganadores para informarle del premio obtenido en el Sorteo. El ganador dispondr\u00e1 de 24 horas, para manifestar, por la misma v\u00eda, si acepta o rechaza el premio y para facilitar sus datos de contacto. Se entender\u00e1 que rechaza el premio si no contesta al mensaje en el plazo de tiempo previsto.<br>La ASOCIACI\u00d3N no se hace responsable de no poder contactar con el ganador y, por consiguiente, que no se le pueda otorgar el premio por haber facilitado datos incorrectos y\/o por problemas t\u00e9cnicos. En tal caso, se buscar\u00e1 un nuevo ganador.<br>La aceptaci\u00f3n del premio por el ganador\/a, supone dar el consentimiento a la ASOCIACI\u00d3N para utilizar, con fines divulgativos, su nombre de usuario y que se compromete a realizar una publicaci\u00f3n en Twitter de una foto con la bufanda entregada y una menci\u00f3n a la ASOCIACI\u00d3N.   <\/p>\n<h3 style=\"text-align: left;\">8. ACEPTACI\u00d3N DE LAS BASES DEL SORTEO<\/h3>\n<p style=\"text-align: justify;\"><span style=\"text-align: left;\">La participaci\u00f3n en el Sorteo supone la aceptaci\u00f3n plena e incondicional de estas condiciones generales por parte de cada uno de los Participantes.<br>Asimismo, la ASOCIACI\u00d3N no ser\u00e1 responsable si por causas ajenas o de fuerza mayor, el Sorteo no pudiera llevarse a cabo en alguno de sus t\u00e9rminos especificados anteriormente, sin otra obligaci\u00f3n para los organizadores, que la publicaci\u00f3n de la nueva mec\u00e1nica por similares medios a los empleados para la difusi\u00f3n inicial del mismo.<\/span><\/p>\n<h3 style=\"text-align: justify;\"><span style=\"text-align: left;\">9. DEBER DE CONFIDENCIALIDAD<\/span><\/h3>\n<p style=\"text-align: justify;\">Todos los ganadores, por su mera participaci\u00f3n en el presente Sorteo, se comprometen a guardar secreto y confidencialidad sobre cualquier dato o informaci\u00f3n a la que tenga acceso con ocasi\u00f3n del Sorteo en general. Todo ello, con independencia del soporte en que se encuentre la informaci\u00f3n a la que se tenga acceso, de forma oral, escrita o por cualquier otro medio.<br>Dicha obligaci\u00f3n se mantendr\u00e1 durante toda la vigencia del proceso y aun despu\u00e9s de finalizado el mismo por cualquier causa. <\/p>\n<h3 style=\"text-align: left;\">10. RESPONSABILIDAD<\/h3>\n<p style=\"text-align: justify;\">La ASOCIACI\u00d3N se exime de cualquier tipo de responsabilidad en la organizaci\u00f3n y desarrollo del Sorteo y, en especial, con car\u00e1cter enunciativo pero no limitativo, no se responsabiliza:<br>De los incumplimientos o infracciones de ning\u00fan tipo relacionados con este Sorteo, y se exime de cualquier tipo de responsabilidad en caso de p\u00e9rdida sufrida por los Participantes en relaci\u00f3n con el premio y dem\u00e1s aspectos de este Sorteo.<br>Del uso indebido de los premios realizado por los ganadores del mismo.<br>Del supuesto en que exista alg\u00fan error en los datos facilitados por el propio agraciado que impidiera su identificaci\u00f3n.<br>Del mal funcionamiento de correos (expresamente no se responsabiliza de las posibles p\u00e9rdidas, deterioros, robos o cualquier otra circunstancia imputable a correos que puedan afectar al env\u00edo del premio) o de las redes de comunicaci\u00f3n telef\u00f3nicas y\/o electr\u00f3nicas que impidan el mal desarrollo del Sorteo por causas ajenas a ellas y especialmente por actos externos de mala fe.<br>De aquellos da\u00f1os y perjuicios de toda naturaleza que puedan deberse a la falta temporal de disponibilidad o de continuidad del funcionamiento de los servicios mediante los que se participa, a la defraudaci\u00f3n de la utilidad que los usuarios hubieren podido atribuir a los mismos, y en particular, aunque no de modo exclusivo, a los fallos en el acceso a las distintas p\u00e1ginas y env\u00edos de respuestas de participaci\u00f3n a trav\u00e9s de internet, o comunicaciones telef\u00f3nicas habilitadas al efecto.<br>Asimismo, el Participante exime cualquier tipo de responsabilidad y mantendr\u00e1 indemne a la ASOCIACI\u00d3N y sus colaboradores de cualquier reclamaci\u00f3n como consecuencia de los da\u00f1os y perjuicios, ya sean f\u00edsicos o de cualquier otra \u00edndole, que pudiera sufrir los Participantes ganadores por cualquier acci\u00f3n u omisi\u00f3n no imputable a \u00e9stos y que pudieran derivarse de la actividad que desarrollar\u00e1 con el premio concedido.<br>Adem\u00e1s, la ASOCIACI\u00d3N se reserva expresamente el derecho a:<br>Modificar o suspender el Sorteo, siempre que concurra causa justificada o por motivos de fuerza mayor que impidan llevarla a t\u00e9rmino, y con el compromiso de comunicar con la suficiente antelaci\u00f3n las nuevas bases y\/o condiciones, o en su caso, la anulaci\u00f3n definitiva.<br>Cambiar el premio por otro de igual o mayor valor cuando concurra justa causa o por motivos de fuerza mayor.<br>Aplazar o ampliar el per\u00edodo del Sorteo, as\u00ed como la facultad de interpretar las presentes bases legales.<br>Acortar, prorrogar, modificar o cancelar ese Sorteo, si concurrieran circunstancias excepcionales que impidieran su realizaci\u00f3n, comunicando dichas circunstancias de manera que se evite cualquier perjuicio para los Participantes en el sorteo.<br>Eliminar del Sorteo por causa justificada a cualquier usuario que defraude, altere o inutilice el buen funcionamiento y el transcurso normal y reglamentario de la misma.<\/p>\n<h3>11. PROTECCI\u00d3N DE DATOS DE CAR\u00c1CTER PERSONAL<\/h3>\n<p>En cumplimiento de lo dispuesto en el Reglamento Europeo 2016\/679 General de Protecci\u00f3n de Datos, as\u00ed como en cualquier ley nacional que resulte de aplicaci\u00f3n, le informamos de que en la ASOCIACI\u00d3N trataremos los datos personales que nos facilite en virtud de su participaci\u00f3n en el Sorteo para las siguientes finalidades y solo para el caso de que haya consentido las mismas marcando las casillas de verificaci\u00f3n a tal efecto:<br>Participaci\u00f3n y desarrollo del Sorteo: La ASOCIACI\u00d3N incluir\u00e1 sus datos personales como Participante en el sorteo para realizar el mismo, ponerse en contacto con usted en caso de resultar ganador y para gestionar la correcta ejecuci\u00f3n del premio.<br>En este sentido, la ASOCIACI\u00d3N se compromete a respetar la confidencialidad de los datos personales facilitados, a utilizarlos de acuerdo con la finalidad para la cual han sido solicitados, as\u00ed como a adoptar todas las medidas para evitar su alteraci\u00f3n o p\u00e9rdida, e impedir su tratamiento o acceso no autorizado, de acuerdo con lo establecido en la legislaci\u00f3n vigente.<br>La base legitimadora de los tratamientos de datos que se realicen es el consentimiento otorgado por cada uno de los Participantes.<br>Los datos personales de los Participantes se conservar\u00e1n durante el tiempo estrictamente necesario para el desarrollo del Sorteo y durante los plazos legales que, en su caso, resulten de aplicaci\u00f3n. Los datos utilizados para el env\u00edo de comunicaciones comerciales y elaboraci\u00f3n de perfiles se mantendr\u00e1n de manera indefinida, salvo que el Participante solicite su baja a la ASOCIACI\u00d3N.<br>El Participante tendr\u00e1 derecho a acceder a sus datos personales, as\u00ed como a solicitar su supresi\u00f3n o, en su caso, solicitar la limitaci\u00f3n al tratamiento, cuando, entre otros motivos, los datos ya no sean necesarios para los fines que fueron recogidos. Para ello, se podr\u00e1 dirigir una comunicaci\u00f3n por escrito a la direcci\u00f3n de correo electr\u00f3nico info@purpleboost.org, concretando su petici\u00f3n e incluyendo una fotocopia del documento nacional de identidad o documentaci\u00f3n acreditativa equivalente. Por \u00faltimo, le informamos que puede dirigirse ante la Agencia Espa\u00f1ola de Protecci\u00f3n de Datos y dem\u00e1s organismos p\u00fablicos competentes para cualquier reclamaci\u00f3n derivada del tratamiento de sus datos personales.   <\/p>\t\t\t\t\t\t\t\t<\/div>\n\t\t\t\t\t<\/div>\n\t\t\t\t<\/div>\n\t\t\t\t<\/div>\n\t\t","protected":false},"excerpt":{"rendered":"<p>BASES SORTEO &nbsp; 1. \u00c1MBITO Purple boost, n\u00famero de CIF&nbsp;G22836480 &nbsp;(en adelante ASOCIACI\u00d3N) promover\u00e1 una acci\u00f3n denominada \u201cSorteo bufandas de Movistar KOI&#8221; (en adelante, el \u201cSorteo\u201d),<span class=\"excerpt-hellip\"> [\u2026]<\/span><\/p>\n","protected":false},"author":2,"featured_media":0,"parent":0,"menu_order":0,"comment_status":"closed","ping_status":"closed","template":"","meta":{"inline_featured_image":false,"footnotes":""},"class_list":["post-914","page","type-page","status-publish","hentry"],"_links":{"self":[{"href":"https:\/\/purpleboost.org\/en\/wp-json\/wp\/v2\/pages\/914","targetHints":{"allow":["GET"]}}],"collection":[{"href":"https:\/\/purpleboost.org\/en\/wp-json\/wp\/v2\/pages"}],"about":[{"href":"https:\/\/purpleboost.org\/en\/wp-json\/wp\/v2\/types\/page"}],"author":[{"embeddable":true,"href":"https:\/\/purpleboost.org\/en\/wp-json\/wp\/v2\/users\/2"}],"replies":[{"embeddable":true,"href":"https:\/\/purpleboost.org\/en\/wp-json\/wp\/v2\/comments?post=914"}],"version-history":[{"count":2,"href":"https:\/\/purpleboost.org\/en\/wp-json\/wp\/v2\/pages\/914\/revisions"}],"predecessor-version":[{"id":1072,"href":"https:\/\/purpleboost.org\/en\/wp-json\/wp\/v2\/pages\/914\/revisions\/1072"}],"wp:attachment":[{"href":"https:\/\/purpleboost.org\/en\/wp-json\/wp\/v2\/media?parent=914"}],"curies":[{"name":"wp","href":"https:\/\/api.w.org\/{rel}","templated":true}]}}